{"id":14,"date":"2020-02-18T18:24:24","date_gmt":"2020-02-18T16:24:24","guid":{"rendered":"https:\/\/konverents2020.stsenaristid.ee\/?page_id=14"},"modified":"2020-03-09T21:06:18","modified_gmt":"2020-03-09T19:06:18","slug":"register","status":"publish","type":"page","link":"https:\/\/konverents2020.stsenaristid.ee\/?page_id=14","title":{"rendered":"REGISTER"},"content":{"rendered":"\n<p class=\"has-text-align-center\"><em>Please scroll down for information in English.<\/em><\/p>\n\n\n\n<hr class=\"wp-block-separator\"\/>\n\n\n\n<p>Konverentsil osalemiseks on vajalik registreerumine. Registreerumiseks t\u00e4ida palun ankeet ja kanna \u00fcle osav\u00f5tutasu. Soovi korral koostame arve.&nbsp;<\/p>\n\n\n\n<p class=\"has-text-align-center\"><a href=\"https:\/\/docs.google.com\/forms\/d\/e\/1FAIpQLSfKmSh9oFh7bLgJ957E4YUwkGX1yaej1LTvOS8_caRCyc0q3w\/viewform\">REGISTREERUMISVORM<\/a><\/p>\n\n\n\n<p>Osav\u00f5tutasud<br><strong>Konverentsi p\u00f5hip\u00e4ev 3. aprillil:<\/strong><br>Tavahind \u20ac50.00<br>ESG liikmele \/ tudengile \u20ac25.00<\/p>\n\n\n\n<p><strong>T\u00f6\u00f6toad 4. aprillil:<\/strong><br>Tavahind \u20ac50.00<br>ESG liikmele \/ tudengile \u20ac25.00<\/p>\n\n\n\n<p><strong>Kahe p\u00e4eva osalustasu kokku<\/strong><br>Tavahind \u20ac80.00<br>ESG liikmele \/ tudengile \u20ac40.00<\/p>\n\n\n\n<p>Toetaja \u20ac50.00+ \u00fche p\u00e4eva eest v\u00f5i \u20ac80.00+ kahe p\u00e4eva eest. Annetusega toetad konverentsi ja eelseisvate koolituste korraldamist.<\/p>\n\n\n\n<p>MT\u00dc Eesti Stsenaristide Gild<br>Swedbank IBAN EE892200221069927592<br>Selgitus: arve number v\u00f5i osaleja nimi.<\/p>\n\n\n\n<p>Kontakt: <a href=\"mailto:event@stsenaristid.ee\">event@stsenaristid.ee<\/a><\/p>\n\n\n\n<hr class=\"wp-block-separator\"\/>\n\n\n\n<p class=\"has-text-align-left\">In order to register, please fill in the registration form and transfer your participation fee. We will email an invoice to those who request one. <\/p>\n\n\n\n<p class=\"has-text-align-center\"><a href=\"https:\/\/docs.google.com\/forms\/d\/e\/1FAIpQLSfKmSh9oFh7bLgJ957E4YUwkGX1yaej1LTvOS8_caRCyc0q3w\/viewform\">REGISTRATION FORM<\/a><\/p>\n\n\n\n<p>Fees:<br><strong>Day 1: Conference main day<\/strong><br>Regular guest \u20ac50<br>Member of ESG \/ Student \u20ac25<\/p>\n\n\n\n<p><strong>Day 2: Workshops <\/strong><br>Regular guest \u20ac50<br>Member of ESG \/ Student \u20ac25<\/p>\n\n\n\n<p><strong>Day 1+2: Conference and Workshops<\/strong><br>Regular guest \u20ac80<br>Member of ESG \/ Student \u20ac40<\/p>\n\n\n\n<p>Donor fee \u20ac50+ per day or \u20ac80+ for two days. Your donation will help us organise the conference as well as upcoming workshops. <\/p>\n\n\n\n<p>MT\u00dc Eesti Stsenaristide Gild<br>Swedbank IBAN EE89 2200 2210 6992 7592<br>SWIFT\/BIC: HABAEE2X<br>Please make sure to include participant&#8217;s name in the description. <\/p>\n\n\n\n<p>Contact: <br><a href=\"mailto:event@stsenaristid.ee\">event@stsenaristid.ee<\/a> <\/p>\n\n\n\n<p><\/p>\n","protected":false},"excerpt":{"rendered":"<p>Please scroll down for information in English. Konverentsil osalemiseks on vajalik registreerumine. Registreerumiseks t\u00e4ida palun ankeet ja kanna \u00fcle osav\u00f5tutasu. Soovi korral koostame arve.&nbsp; REGISTREERUMISVORM Osav\u00f5tutasudKonverentsi p\u00f5hip\u00e4ev 3. aprillil:Tavahind \u20ac50.00ESG liikmele \/ tudengile \u20ac25.00 T\u00f6\u00f6toad 4. aprillil:Tavahind \u20ac50.00ESG liikmele \/ tudengile \u20ac25.00 Kahe p\u00e4eva osalustasu kokkuTavahind \u20ac80.00ESG liikmele \/ tudengile \u20ac40.00 Toetaja \u20ac50.00+ \u00fche p\u00e4eva [&hellip;]<\/p>\n","protected":false},"author":1,"featured_media":0,"parent":0,"menu_order":0,"comment_status":"closed","ping_status":"closed","template":"","meta":{"footnotes":""},"class_list":["post-14","page","type-page","status-publish","hentry"],"_links":{"self":[{"href":"https:\/\/konverents2020.stsenaristid.ee\/index.php?rest_route=\/wp\/v2\/pages\/14","targetHints":{"allow":["GET"]}}],"collection":[{"href":"https:\/\/konverents2020.stsenaristid.ee\/index.php?rest_route=\/wp\/v2\/pages"}],"about":[{"href":"https:\/\/konverents2020.stsenaristid.ee\/index.php?rest_route=\/wp\/v2\/types\/page"}],"author":[{"embeddable":true,"href":"https:\/\/konverents2020.stsenaristid.ee\/index.php?rest_route=\/wp\/v2\/users\/1"}],"replies":[{"embeddable":true,"href":"https:\/\/konverents2020.stsenaristid.ee\/index.php?rest_route=%2Fwp%2Fv2%2Fcomments&post=14"}],"version-history":[{"count":6,"href":"https:\/\/konverents2020.stsenaristid.ee\/index.php?rest_route=\/wp\/v2\/pages\/14\/revisions"}],"predecessor-version":[{"id":75,"href":"https:\/\/konverents2020.stsenaristid.ee\/index.php?rest_route=\/wp\/v2\/pages\/14\/revisions\/75"}],"wp:attachment":[{"href":"https:\/\/konverents2020.stsenaristid.ee\/index.php?rest_route=%2Fwp%2Fv2%2Fmedia&parent=14"}],"curies":[{"name":"wp","href":"https:\/\/api.w.org\/{rel}","templated":true}]}}