{"id":19,"date":"2020-02-18T18:51:16","date_gmt":"2020-02-18T16:51:16","guid":{"rendered":"https:\/\/konverents2020.stsenaristid.ee\/?page_id=19"},"modified":"2020-02-18T19:08:35","modified_gmt":"2020-02-18T17:08:35","slug":"support-us","status":"publish","type":"page","link":"https:\/\/konverents2020.stsenaristid.ee\/?page_id=19","title":{"rendered":"SUPPORTERS"},"content":{"rendered":"\n<p>The conference is supported by <\/p>\n\n\n\n<p><a rel=\"noreferrer noopener\" aria-label=\"Estonian Cultural Endowment (avatakse uues sakis)\" href=\"https:\/\/kulka.ee\" target=\"_blank\">Estonian Cultural Endowment<\/a><\/p>\n\n\n\n<p><a href=\"https:\/\/www.tallinn.ee\/otsing?sona=11129\" target=\"_blank\" rel=\"noreferrer noopener\" aria-label=\"Tallinn City Enterprise Department (avatakse uues sakis)\">Tallinn City Enterprise Department<\/a><\/p>\n\n\n\n<hr class=\"wp-block-separator\"\/>\n\n\n\n<p><strong>Estonian Screenwriters Guild welcomes donations<\/strong><\/p>\n\n\n\n<p>We are a small non-profit organisation and our main source of income is membership fees and funding for individual projects from local funds, which usually require at least 10% of self-financing. Our work is mostly volunteer-based and we have no paid staff. Your donation will help us organise the upcoming conference, workshops, networking events and other activities.<\/p>\n\n\n\n<p>MT\u00dc Eesti Stsenaristide Gild<br>Swedbank&nbsp;account EE892200221069927592<br>SWIFT\/BIC: HABAEE2X<\/p>\n\n\n\n<p>Find out more about ESG on our <a rel=\"noreferrer noopener\" aria-label=\"Homepage (avatakse uues sakis)\" href=\"https:\/\/stsenaristid.ee\" target=\"_blank\">homepage<\/a>.<\/p>\n\n\n\n<hr class=\"wp-block-separator\"\/>\n\n\n\n<p><strong>Toeta meid<\/strong><\/p>\n\n\n\n<p>Mittetulundus\u00fchinguna s\u00f5ltub ESG tegevus liikmemaksudest ja fondide toetustest. Gildis pole palgat\u00f6\u00f6tajaid, t\u00f6\u00f6 on suures osas \u00f5hinap\u00f5hine. &nbsp;Sinu toetust kasutame eelseisva konverentsi kulude katmiseks ning edasipidi t\u00e4iendkoolituste, t\u00f6\u00f6tubade, koost\u00f6\u00f6- ja muude \u00fcrituste korraldamiseks.<\/p>\n\n\n\n<p>MT\u00dc Eesti Stsenaristide Gild<br>Swedbank a\/a EE89 2200 2210 6992 7592<\/p>\n\n\n\n<p><a href=\"https:\/\/stsenaristid.ee\/esg\/meist\/\">Lisainfo Gildi kohta<\/a> <br>Kontakt:&nbsp;<a href=\"mailto:info@stsenaristid.ee\">info@stsenaristid.ee<\/a><\/p>\n","protected":false},"excerpt":{"rendered":"<p>The conference is supported by Estonian Cultural Endowment Tallinn City Enterprise Department Estonian Screenwriters Guild welcomes donations We are a small non-profit organisation and our main source of income is membership fees and funding for individual projects from local funds, which usually require at least 10% of self-financing. Our work is mostly volunteer-based and we [&hellip;]<\/p>\n","protected":false},"author":1,"featured_media":0,"parent":0,"menu_order":9,"comment_status":"closed","ping_status":"closed","template":"","meta":{"footnotes":""},"class_list":["post-19","page","type-page","status-publish","hentry"],"_links":{"self":[{"href":"https:\/\/konverents2020.stsenaristid.ee\/index.php?rest_route=\/wp\/v2\/pages\/19","targetHints":{"allow":["GET"]}}],"collection":[{"href":"https:\/\/konverents2020.stsenaristid.ee\/index.php?rest_route=\/wp\/v2\/pages"}],"about":[{"href":"https:\/\/konverents2020.stsenaristid.ee\/index.php?rest_route=\/wp\/v2\/types\/page"}],"author":[{"embeddable":true,"href":"https:\/\/konverents2020.stsenaristid.ee\/index.php?rest_route=\/wp\/v2\/users\/1"}],"replies":[{"embeddable":true,"href":"https:\/\/konverents2020.stsenaristid.ee\/index.php?rest_route=%2Fwp%2Fv2%2Fcomments&post=19"}],"version-history":[{"count":3,"href":"https:\/\/konverents2020.stsenaristid.ee\/index.php?rest_route=\/wp\/v2\/pages\/19\/revisions"}],"predecessor-version":[{"id":23,"href":"https:\/\/konverents2020.stsenaristid.ee\/index.php?rest_route=\/wp\/v2\/pages\/19\/revisions\/23"}],"wp:attachment":[{"href":"https:\/\/konverents2020.stsenaristid.ee\/index.php?rest_route=%2Fwp%2Fv2%2Fmedia&parent=19"}],"curies":[{"name":"wp","href":"https:\/\/api.w.org\/{rel}","templated":true}]}}